{"id":8249,"date":"2018-08-01T19:13:37","date_gmt":"2018-08-01T19:13:37","guid":{"rendered":"https:\/\/amicinelmondo-odv.org\/ecommerce-ultimate-home-page\/"},"modified":"2026-01-05T13:59:50","modified_gmt":"2026-01-05T13:59:50","slug":"ecommerce-ultimate-home-page","status":"publish","type":"page","link":"https:\/\/amicinelmondo-odv.org\/de\/","title":{"rendered":"Amici nel mondo O.D.V."},"content":{"rendered":"[vc_row type=&#8220;full_width_content&#8220; full_screen_row_position=&#8220;middle&#8220; column_margin=&#8220;default&#8220; column_direction=&#8220;default&#8220; column_direction_tablet=&#8220;default&#8220; column_direction_phone=&#8220;default&#8220; scene_position=&#8220;center&#8220; text_color=&#8220;light&#8220; text_align=&#8220;left&#8220; row_border_radius=&#8220;none&#8220; row_border_radius_applies=&#8220;bg&#8220; overflow=&#8220;visible&#8220; overlay_strength=&#8220;0.3&#8243; gradient_direction=&#8220;left_to_right&#8220; shape_divider_color=&#8220;#ffffff&#8220; shape_divider_position=&#8220;bottom&#8220; bg_image_animation=&#8220;none&#8220; shape_type=&#8220;tilt_alt&#8220;][vc_column column_padding=&#8220;no-extra-padding&#8220; column_padding_tablet=&#8220;inherit&#8220; column_padding_phone=&#8220;inherit&#8220; column_padding_position=&#8220;all&#8220; column_element_direction_desktop=&#8220;default&#8220; column_element_spacing=&#8220;default&#8220; desktop_text_alignment=&#8220;default&#8220; tablet_text_alignment=&#8220;default&#8220; phone_text_alignment=&#8220;default&#8220; background_color_opacity=&#8220;1&#8243; background_hover_color_opacity=&#8220;1&#8243; column_backdrop_filter=&#8220;none&#8220; column_shadow=&#8220;none&#8220; column_border_radius=&#8220;none&#8220; column_link_target=&#8220;_self&#8220; column_position=&#8220;default&#8220; gradient_direction=&#8220;left_to_right&#8220; overlay_strength=&#8220;0.3&#8243; width=&#8220;1\/1&#8243; tablet_width_inherit=&#8220;default&#8220; animation_type=&#8220;default&#8220; bg_image_animation=&#8220;none&#8220; border_type=&#8220;simple&#8220; column_border_width=&#8220;none&#8220; column_border_style=&#8220;solid&#8220;][vc_gallery type=&#8220;nectarslider_style&#8220; images=&#8220;7129,7130,7131,7132,7133,7134,7135,7136,7137,7139,7140,7141,7142,7143,7144,7145,7146,7147,7148,7150,7151,7152,7153,7154&#8243; image_loading=&#8220;default&#8220; ns_image_rendering=&#8220;default&#8220; ns_image_aspect_ratio=&#8220;default&#8220; bullet_navigation_style=&#8220;scale&#8220; onclick=&#8220;link_no&#8220; img_size=&#8220;1920&#215;800&#8243;][\/vc_column][\/vc_row][vc_row type=&#8220;full_width_background&#8220; full_screen_row_position=&#8220;middle&#8220; column_margin=&#8220;default&#8220; column_direction=&#8220;default&#8220; column_direction_tablet=&#8220;default&#8220; column_direction_phone=&#8220;default&#8220; scene_position=&#8220;center&#8220; top_padding=&#8220;5%&#8220; bottom_padding=&#8220;5%&#8220; text_color=&#8220;dark&#8220; text_align=&#8220;left&#8220; row_border_radius=&#8220;none&#8220; row_border_radius_applies=&#8220;bg&#8220; overflow=&#8220;visible&#8220; overlay_strength=&#8220;0.3&#8243; gradient_direction=&#8220;left_to_right&#8220; shape_divider_position=&#8220;bottom&#8220; bg_image_animation=&#8220;none&#8220; shape_type=&#8220;&#8220;][vc_column column_padding=&#8220;no-extra-padding&#8220; column_padding_tablet=&#8220;inherit&#8220; column_padding_phone=&#8220;inherit&#8220; column_padding_position=&#8220;all&#8220; column_element_direction_desktop=&#8220;default&#8220; column_element_spacing=&#8220;default&#8220; desktop_text_alignment=&#8220;default&#8220; tablet_text_alignment=&#8220;default&#8220; phone_text_alignment=&#8220;default&#8220; background_color_opacity=&#8220;1&#8243; background_hover_color_opacity=&#8220;1&#8243; column_backdrop_filter=&#8220;none&#8220; column_shadow=&#8220;none&#8220; column_border_radius=&#8220;none&#8220; column_link_target=&#8220;_self&#8220; column_position=&#8220;default&#8220; gradient_direction=&#8220;left_to_right&#8220; overlay_strength=&#8220;0.3&#8243; width=&#8220;1\/6&#8243; tablet_width_inherit=&#8220;default&#8220; animation_type=&#8220;default&#8220; bg_image_animation=&#8220;none&#8220; border_type=&#8220;simple&#8220; column_border_width=&#8220;none&#8220; column_border_style=&#8220;solid&#8220;][\/vc_column][vc_column column_padding=&#8220;no-extra-padding&#8220; column_padding_tablet=&#8220;inherit&#8220; column_padding_phone=&#8220;inherit&#8220; column_padding_position=&#8220;all&#8220; column_element_direction_desktop=&#8220;default&#8220; column_element_spacing=&#8220;default&#8220; desktop_text_alignment=&#8220;default&#8220; tablet_text_alignment=&#8220;default&#8220; phone_text_alignment=&#8220;default&#8220; background_color_opacity=&#8220;1&#8243; background_hover_color_opacity=&#8220;1&#8243; column_backdrop_filter=&#8220;none&#8220; column_shadow=&#8220;none&#8220; column_border_radius=&#8220;none&#8220; column_link_target=&#8220;_self&#8220; column_position=&#8220;default&#8220; gradient_direction=&#8220;left_to_right&#8220; overlay_strength=&#8220;0.3&#8243; width=&#8220;2\/3&#8243; tablet_width_inherit=&#8220;default&#8220; animation_type=&#8220;default&#8220; bg_image_animation=&#8220;none&#8220; border_type=&#8220;simple&#8220; column_border_width=&#8220;none&#8220; column_border_style=&#8220;solid&#8220;][nectar_highlighted_text color_type=&#8220;regular&#8220; highlight_color=&#8220;#ffffff&#8220; style=&#8220;half_text&#8220; text_direction=&#8220;default&#8220;]\n<h2 style=\"text-align: left;\"><strong data-start=\"88\" data-end=\"118\">Der Verein Amici nel Mondo<\/strong> ist eine <strong data-start=\"128\" data-end=\"142\">O.N.L.U.S.<\/strong> (gemeinn\u00fctzige Organisation) und ist seit 1996 auf nationaler und internationaler Ebene t\u00e4tig.<\/h2>\n[\/nectar_highlighted_text][vc_column_text css=&#8220;&#8220; text_direction=&#8220;default&#8220;]\n<p data-start=\"239\" data-end=\"402\"><strong data-start=\"239\" data-end=\"261\">ZWECK DES VEREINS:<\/strong><br data-start=\"261\" data-end=\"264\" \/>Durchf\u00fchrung von Initiativen zur Unterst\u00fctzung von Menschen mit Behinderungen, Migrantinnen und Migranten, Armen und sozial Ausgegrenzten.<\/p>\n<p data-start=\"404\" data-end=\"926\"><strong data-start=\"404\" data-end=\"432\">WAS IST EINE O.N.L.U.S.:<\/strong><br data-start=\"432\" data-end=\"435\" \/>Eine O.N.L.U.S. ist eine <strong data-start=\"460\" data-end=\"508\">gemeinn\u00fctzige Organisation ohne Erwerbszweck<\/strong>, die nach der Eintragung in das Landesregister der Freiwilligenorganisationen als solche anerkannt wird.<br data-start=\"613\" data-end=\"616\" \/>Die <strong data-start=\"620\" data-end=\"663\">Freiwillige Vereinigung Amici nel Mondo<\/strong> ist mit Dekret des Pr\u00e4sidenten der Landesregierung Nr. 121\/1.1 vom 26. M\u00e4rz 1996 im Register der Freiwilligenorganisationen eingetragen und gilt gem\u00e4\u00df Art. 10 Absatz 8 des Gesetzesdekrets Nr. 460\/97 als <strong data-start=\"867\" data-end=\"910\">O.N.L.U.S. (gemeinn\u00fctzige Organisation)<\/strong> kraft Gesetzes.<\/p>\n<p data-start=\"928\" data-end=\"1086\"><strong data-start=\"928\" data-end=\"949\">WIE WIR ARBEITEN:<\/strong><br data-start=\"949\" data-end=\"952\" \/>In Zusammenarbeit mit katholischen und nichtkatholischen Missionen, die in Entwicklungsl\u00e4ndern zugunsten der Bed\u00fcrftigsten t\u00e4tig sind.<\/p>\n<p data-start=\"1088\" data-end=\"1391\"><strong data-start=\"1088\" data-end=\"1109\">WELCHE GARANTIEN:<\/strong><br data-start=\"1109\" data-end=\"1112\" \/>Jedes Projekt wird nicht nur durch Originalrechnungen dokumentiert, sondern auch vor Ort \u00fcberpr\u00fcft. Dar\u00fcber hinaus unterliegt der Verein als O.N.L.U.S. den Kontrollen der zust\u00e4ndigen Beh\u00f6rden und legt die erforderliche Dokumentation sowie den j\u00e4hrlichen Rechenschaftsbericht vor.<\/p>\n<p data-start=\"1393\" data-end=\"1685\"><strong data-start=\"1393\" data-end=\"1428\">UNSERE PARTNER UND MITARBEITER:<\/strong><br data-start=\"1428\" data-end=\"1431\" \/>Freunde und Mitglieder, Caritas Italiana (Rom), Gemeinde Postal, Missionsgruppe Meran, Itas Versicherungen, Autonome Provinz Bozen, Autonome Region Trentino-S\u00fcdtirol, Raiffeisenkasse Lana, V.I.S. (Internationaler Freiwilligendienst f\u00fcr Entwicklung, Rom).<\/p>\n[\/vc_column_text][vc_column_text css=&#8220;&#8220; text_direction=&#8220;default&#8220;]Im Jahr 2026 wird die Freiwilligenvereinigung <strong><em>Freunde in der Welt E.O<\/em>.<\/strong> einen bedeutsamen Meilenstein erreichen: <strong>30 Jahre T\u00e4tigkeit im Dienst der Solidarit\u00e4t<\/strong>. Wir werden dieses drei\u00dfigj\u00e4hrige Jubil\u00e4um feiern, indem wir die Geschichte des Vereins nachzeichnen, die erreichten Ziele in Erinnerung rufen und unser Engagement f\u00fcr neue solidarische Aufgaben erneuern. Dies wird ein Fest sein, um jedem von euch unseren Dank auszusprechen: Euer Beitrag ist die Lebensquelle, die es unserem Verein erm\u00f6glicht hat zu wachsen und weiterhin Trost und Unterst\u00fctzung dorthin zu bringen, wo sie am meisten gebraucht werden. Mit Dankbarkeit und erneuertem Einsatz blicken wir in die Zukunft und sind bereit, diesen Weg der Solidarit\u00e4t und der N\u00e4chstenliebe gemeinsam weiterzugehen.[\/vc_column_text][image_with_animation image_url=&#8220;8949&#8243; image_size=&#8220;full&#8220; max_width=&#8220;50%&#8220; max_width_mobile=&#8220;default&#8220; animation_type=&#8220;entrance&#8220; animation=&#8220;None&#8220; animation_movement_type=&#8220;transform_y&#8220; hover_animation=&#8220;none&#8220; alignment=&#8220;center&#8220; border_radius=&#8220;none&#8220; box_shadow=&#8220;none&#8220; image_loading=&#8220;default&#8220;][\/vc_column][vc_column column_padding=&#8220;no-extra-padding&#8220; column_padding_tablet=&#8220;inherit&#8220; column_padding_phone=&#8220;inherit&#8220; column_padding_position=&#8220;all&#8220; column_element_direction_desktop=&#8220;default&#8220; column_element_spacing=&#8220;default&#8220; desktop_text_alignment=&#8220;default&#8220; tablet_text_alignment=&#8220;default&#8220; phone_text_alignment=&#8220;default&#8220; background_color_opacity=&#8220;1&#8243; background_hover_color_opacity=&#8220;1&#8243; column_backdrop_filter=&#8220;none&#8220; column_shadow=&#8220;none&#8220; column_border_radius=&#8220;none&#8220; column_link_target=&#8220;_self&#8220; column_position=&#8220;default&#8220; gradient_direction=&#8220;left_to_right&#8220; overlay_strength=&#8220;0.3&#8243; width=&#8220;1\/6&#8243; tablet_width_inherit=&#8220;default&#8220; animation_type=&#8220;default&#8220; bg_image_animation=&#8220;none&#8220; border_type=&#8220;simple&#8220; column_border_width=&#8220;none&#8220; column_border_style=&#8220;solid&#8220;][\/vc_column][\/vc_row]\n","protected":false},"excerpt":{"rendered":"<p>[vc_row type=&#8220;full_width_content&#8220; full_screen_row_position=&#8220;middle&#8220; column_margin=&#8220;default&#8220; column_direction=&#8220;default&#8220; column_direction_tablet=&#8220;default&#8220; column_direction_phone=&#8220;default&#8220; scene_position=&#8220;center&#8220; text_color=&#8220;light&#8220; text_align=&#8220;left&#8220; row_border_radius=&#8220;none&#8220; row_border_radius_applies=&#8220;bg&#8220; overflow=&#8220;visible&#8220; overlay_strength=&#8220;0.3&#8243; gradient_direction=&#8220;left_to_right&#8220; shape_divider_color=&#8220;#ffffff&#8220; shape_divider_position=&#8220;bottom&#8220; bg_image_animation=&#8220;none&#8220; shape_type=&#8220;tilt_alt&#8220;][vc_column column_padding=&#8220;no-extra-padding&#8220; column_padding_tablet=&#8220;inherit&#8220; column_padding_phone=&#8220;inherit&#8220; column_padding_position=&#8220;all&#8220; column_element_direction_desktop=&#8220;default&#8220; column_element_spacing=&#8220;default&#8220;&#8230;<\/p>\n","protected":false},"author":1,"featured_media":8698,"parent":0,"menu_order":0,"comment_status":"closed","ping_status":"closed","template":"","meta":{"footnotes":""},"class_list":["post-8249","page","type-page","status-publish","has-post-thumbnail"],"_links":{"self":[{"href":"https:\/\/amicinelmondo-odv.org\/de\/wp-json\/wp\/v2\/pages\/8249","targetHints":{"allow":["GET"]}}],"collection":[{"href":"https:\/\/amicinelmondo-odv.org\/de\/wp-json\/wp\/v2\/pages"}],"about":[{"href":"https:\/\/amicinelmondo-odv.org\/de\/wp-json\/wp\/v2\/types\/page"}],"author":[{"embeddable":true,"href":"https:\/\/amicinelmondo-odv.org\/de\/wp-json\/wp\/v2\/users\/1"}],"replies":[{"embeddable":true,"href":"https:\/\/amicinelmondo-odv.org\/de\/wp-json\/wp\/v2\/comments?post=8249"}],"version-history":[{"count":6,"href":"https:\/\/amicinelmondo-odv.org\/de\/wp-json\/wp\/v2\/pages\/8249\/revisions"}],"predecessor-version":[{"id":8954,"href":"https:\/\/amicinelmondo-odv.org\/de\/wp-json\/wp\/v2\/pages\/8249\/revisions\/8954"}],"wp:featuredmedia":[{"embeddable":true,"href":"https:\/\/amicinelmondo-odv.org\/de\/wp-json\/wp\/v2\/media\/8698"}],"wp:attachment":[{"href":"https:\/\/amicinelmondo-odv.org\/de\/wp-json\/wp\/v2\/media?parent=8249"}],"curies":[{"name":"wp","href":"https:\/\/api.w.org\/{rel}","templated":true}]}}