{"id":8225,"date":"2019-12-13T09:37:53","date_gmt":"2019-12-13T09:37:53","guid":{"rendered":"https:\/\/amicinelmondo-odv.org\/come-sostenerci\/"},"modified":"2023-02-21T07:11:28","modified_gmt":"2023-02-21T07:11:28","slug":"solidaritaetsfonds","status":"publish","type":"page","link":"https:\/\/amicinelmondo-odv.org\/de\/solidaritaetsfonds\/","title":{"rendered":"Solidarit\u00e4tsfonds"},"content":{"rendered":"[vc_row type=&#8220;in_container&#8220; full_screen_row_position=&#8220;middle&#8220; column_margin=&#8220;default&#8220; column_direction=&#8220;default&#8220; column_direction_tablet=&#8220;default&#8220; column_direction_phone=&#8220;default&#8220; scene_position=&#8220;center&#8220; top_padding=&#8220;5%&#8220; bottom_padding=&#8220;5%&#8220; text_color=&#8220;dark&#8220; text_align=&#8220;left&#8220; row_border_radius=&#8220;none&#8220; row_border_radius_applies=&#8220;bg&#8220; overflow=&#8220;visible&#8220; overlay_strength=&#8220;0.3&#8243; gradient_direction=&#8220;left_to_right&#8220; shape_divider_position=&#8220;bottom&#8220; bg_image_animation=&#8220;none&#8220; shape_type=&#8220;&#8220;][vc_column column_padding=&#8220;no-extra-padding&#8220; column_padding_tablet=&#8220;inherit&#8220; column_padding_phone=&#8220;inherit&#8220; column_padding_position=&#8220;all&#8220; column_element_direction_desktop=&#8220;default&#8220; column_element_spacing=&#8220;default&#8220; desktop_text_alignment=&#8220;default&#8220; tablet_text_alignment=&#8220;default&#8220; phone_text_alignment=&#8220;default&#8220; background_color_opacity=&#8220;1&#8243; background_hover_color_opacity=&#8220;1&#8243; column_backdrop_filter=&#8220;none&#8220; column_shadow=&#8220;none&#8220; column_border_radius=&#8220;none&#8220; column_link_target=&#8220;_self&#8220; column_position=&#8220;default&#8220; gradient_direction=&#8220;left_to_right&#8220; overlay_strength=&#8220;0.3&#8243; width=&#8220;1\/6&#8243; tablet_width_inherit=&#8220;default&#8220; animation_type=&#8220;default&#8220; bg_image_animation=&#8220;none&#8220; border_type=&#8220;simple&#8220; column_border_width=&#8220;none&#8220; column_border_style=&#8220;solid&#8220; offset=&#8220;vc_hidden-sm vc_hidden-xs&#8220;][\/vc_column][vc_column column_padding=&#8220;no-extra-padding&#8220; column_padding_tablet=&#8220;inherit&#8220; column_padding_phone=&#8220;inherit&#8220; column_padding_position=&#8220;all&#8220; column_element_direction_desktop=&#8220;default&#8220; column_element_spacing=&#8220;default&#8220; desktop_text_alignment=&#8220;default&#8220; tablet_text_alignment=&#8220;default&#8220; phone_text_alignment=&#8220;default&#8220; background_color_opacity=&#8220;1&#8243; background_hover_color_opacity=&#8220;1&#8243; column_backdrop_filter=&#8220;none&#8220; column_shadow=&#8220;none&#8220; column_border_radius=&#8220;none&#8220; column_link_target=&#8220;_self&#8220; column_position=&#8220;default&#8220; gradient_direction=&#8220;left_to_right&#8220; overlay_strength=&#8220;0.3&#8243; width=&#8220;2\/3&#8243; tablet_width_inherit=&#8220;default&#8220; animation_type=&#8220;default&#8220; bg_image_animation=&#8220;none&#8220; border_type=&#8220;simple&#8220; column_border_width=&#8220;none&#8220; column_border_style=&#8220;solid&#8220;][vc_custom_heading text=&#8220;Wie Sie uns unterst\u00fctzen k\u00f6nnen&#8220; font_container=&#8220;tag:h1|text_align:left&#8220; use_theme_fonts=&#8220;yes&#8220;][divider line_type=&#8220;No Line&#8220; custom_height=&#8220;50&#8243;][vc_column_text]\n<h3>Se condividete il nostro impegno potete aiutarci con la vostra solidariet\u00e0 attraverso un versamento sul<\/h3>\n<h3>c\/c bancario codice IBAN<\/h3>\n<h3>IT 71G 08115 58711 000 3081 83376<\/h3>\n<h3>Cassa Raiffeisen di Lana<br \/>\nIntestati alla<br \/>\nLibera Associazione Volontaria<br \/>\nAMICI NEL MONDO \u2013 o.d.v.<br \/>\nVia Stazione, 37<br \/>\n39014 Postal (Bz)<\/h3>\n<form enctype=\"application\/x-www-form-urlencoded\" method=\"post\"><\/form>\n<form enctype=\"application\/x-www-form-urlencoded\" method=\"post\"><\/form>\n<form enctype=\"application\/x-www-form-urlencoded\" method=\"post\"><img loading=\"lazy\" decoding=\"async\" title=\"Fondo solidariet\u00e0\" src=\"https:\/\/www.paypal.com\/it_IT\/i\/scr\/pixel.gif\" alt=\"pixel - Fondo solidariet\u00e0\" width=\"1\" height=\"1\" border=\"0\" \/><\/form>\n<p>&nbsp;<\/p>\n<h2>e-mail: info@amicinelmondo-odv.org<\/h2>\n<p>Codice Fiscale: 91024760216<\/p>\n<p>Potete aiutarci anche con il vostro 5 per mille, una firma che non costa niente ma pu\u00f2 essere determinante per la qualit\u00e0 della vita dei soggetti pi\u00f9 deboli<\/p>\n<p>Dichiarazione di detraibilit\u00e0:<\/p>\n<p>Si attesta che la libera associazione volontaria Amici nel Mondo a norma della legge 460\/97 \u00e8 classificata O.N.L.U.S. tutte le offerte sono pertanto deducibili nella misura del 19% dalla dichiarazione dei redditi.<\/p>\n<h2>AMICI NEL MONDO o.d.v.<br \/>\nPresidente e fondatrice Renata Cotroneo<br \/>\nVia Stazione, 37 \u2013 39014 Postal (Bz)<br \/>\nTel. &amp; Fax 0473 29 09 52<\/h2>\n[\/vc_column_text][\/vc_column][vc_column column_padding=&#8220;no-extra-padding&#8220; column_padding_tablet=&#8220;inherit&#8220; column_padding_phone=&#8220;inherit&#8220; column_padding_position=&#8220;all&#8220; column_element_direction_desktop=&#8220;default&#8220; column_element_spacing=&#8220;default&#8220; desktop_text_alignment=&#8220;default&#8220; tablet_text_alignment=&#8220;default&#8220; phone_text_alignment=&#8220;default&#8220; background_color_opacity=&#8220;1&#8243; background_hover_color_opacity=&#8220;1&#8243; column_backdrop_filter=&#8220;none&#8220; column_shadow=&#8220;none&#8220; column_border_radius=&#8220;none&#8220; column_link_target=&#8220;_self&#8220; column_position=&#8220;default&#8220; gradient_direction=&#8220;left_to_right&#8220; overlay_strength=&#8220;0.3&#8243; width=&#8220;1\/6&#8243; tablet_width_inherit=&#8220;default&#8220; animation_type=&#8220;default&#8220; bg_image_animation=&#8220;none&#8220; border_type=&#8220;simple&#8220; column_border_width=&#8220;none&#8220; column_border_style=&#8220;solid&#8220; offset=&#8220;vc_hidden-sm vc_hidden-xs&#8220;][\/vc_column][\/vc_row]\n","protected":false},"excerpt":{"rendered":"<p>[vc_row type=&#8220;in_container&#8220; full_screen_row_position=&#8220;middle&#8220; column_margin=&#8220;default&#8220; column_direction=&#8220;default&#8220; column_direction_tablet=&#8220;default&#8220; column_direction_phone=&#8220;default&#8220; scene_position=&#8220;center&#8220; top_padding=&#8220;5%&#8220; bottom_padding=&#8220;5%&#8220; text_color=&#8220;dark&#8220; text_align=&#8220;left&#8220; row_border_radius=&#8220;none&#8220; row_border_radius_applies=&#8220;bg&#8220; overflow=&#8220;visible&#8220; overlay_strength=&#8220;0.3&#8243; gradient_direction=&#8220;left_to_right&#8220; shape_divider_position=&#8220;bottom&#8220; bg_image_animation=&#8220;none&#8220; shape_type=&#8220;&#8220;][vc_column column_padding=&#8220;no-extra-padding&#8220; column_padding_tablet=&#8220;inherit&#8220; column_padding_phone=&#8220;inherit&#8220; column_padding_position=&#8220;all&#8220; column_element_direction_desktop=&#8220;default&#8220;&#8230;<\/p>\n","protected":false},"author":1,"featured_media":0,"parent":0,"menu_order":0,"comment_status":"closed","ping_status":"closed","template":"","meta":{"footnotes":""},"class_list":["post-8225","page","type-page","status-publish"],"_links":{"self":[{"href":"https:\/\/amicinelmondo-odv.org\/de\/wp-json\/wp\/v2\/pages\/8225","targetHints":{"allow":["GET"]}}],"collection":[{"href":"https:\/\/amicinelmondo-odv.org\/de\/wp-json\/wp\/v2\/pages"}],"about":[{"href":"https:\/\/amicinelmondo-odv.org\/de\/wp-json\/wp\/v2\/types\/page"}],"author":[{"embeddable":true,"href":"https:\/\/amicinelmondo-odv.org\/de\/wp-json\/wp\/v2\/users\/1"}],"replies":[{"embeddable":true,"href":"https:\/\/amicinelmondo-odv.org\/de\/wp-json\/wp\/v2\/comments?post=8225"}],"version-history":[{"count":4,"href":"https:\/\/amicinelmondo-odv.org\/de\/wp-json\/wp\/v2\/pages\/8225\/revisions"}],"predecessor-version":[{"id":8766,"href":"https:\/\/amicinelmondo-odv.org\/de\/wp-json\/wp\/v2\/pages\/8225\/revisions\/8766"}],"wp:attachment":[{"href":"https:\/\/amicinelmondo-odv.org\/de\/wp-json\/wp\/v2\/media?parent=8225"}],"curies":[{"name":"wp","href":"https:\/\/api.w.org\/{rel}","templated":true}]}}